{"id":13186,"date":"2020-05-13T00:13:37","date_gmt":"2020-05-13T00:13:37","guid":{"rendered":"https:\/\/fuerzaecommerce.com\/app-delivery-demo\/producto\/jabon-liquido-de-tocador-antibacterial-magica-vainilla-aval-envase-5-l\/"},"modified":"2020-05-13T00:13:38","modified_gmt":"2020-05-13T00:13:38","slug":"jabon-liquido-de-tocador-antibacterial-magica-vainilla-aval-envase-5-l","status":"publish","type":"product","link":"https:\/\/fuerzaecommerce.com\/app-delivery-demo\/producto\/jabon-liquido-de-tocador-antibacterial-magica-vainilla-aval-envase-5-l\/","title":{"rendered":"Jab\u00f3n L\u00edquido de Tocador Antibacterial M\u00e1gica Vainilla Aval &#8211; Envase 5 L"},"content":{"rendered":"","protected":false},"excerpt":{"rendered":"","protected":false},"featured_media":10270,"comment_status":"closed","ping_status":"open","template":"","meta":[],"product_cat":[209,218],"product_tag":[],"_links":{"self":[{"href":"https:\/\/fuerzaecommerce.com\/app-delivery-demo\/wp-json\/wp\/v2\/product\/13186"}],"collection":[{"href":"https:\/\/fuerzaecommerce.com\/app-delivery-demo\/wp-json\/wp\/v2\/product"}],"about":[{"href":"https:\/\/fuerzaecommerce.com\/app-delivery-demo\/wp-json\/wp\/v2\/types\/product"}],"replies":[{"embeddable":true,"href":"https:\/\/fuerzaecommerce.com\/app-delivery-demo\/wp-json\/wp\/v2\/comments?post=13186"}],"wp:featuredmedia":[{"embeddable":true,"href":"https:\/\/fuerzaecommerce.com\/app-delivery-demo\/wp-json\/wp\/v2\/media\/10270"}],"wp:attachment":[{"href":"https:\/\/fuerzaecommerce.com\/app-delivery-demo\/wp-json\/wp\/v2\/media?parent=13186"}],"wp:term":[{"taxonomy":"product_cat","embeddable":true,"href":"https:\/\/fuerzaecommerce.com\/app-delivery-demo\/wp-json\/wp\/v2\/product_cat?post=13186"},{"taxonomy":"product_tag","embeddable":true,"href":"https:\/\/fuerzaecommerce.com\/app-delivery-demo\/wp-json\/wp\/v2\/product_tag?post=13186"}],"curies":[{"name":"wp","href":"https:\/\/api.w.org\/{rel}","templated":true}]}}