{"id":13036,"date":"2020-05-13T00:12:57","date_gmt":"2020-05-13T00:12:57","guid":{"rendered":"https:\/\/fuerzaecommerce.com\/app-delivery-demo\/producto\/jarabe-organico-de-agave-america-organica-botella-330-gr\/"},"modified":"2020-05-13T00:12:59","modified_gmt":"2020-05-13T00:12:59","slug":"jarabe-organico-de-agave-america-organica-botella-330-gr","status":"publish","type":"product","link":"https:\/\/fuerzaecommerce.com\/app-delivery-demo\/producto\/jarabe-organico-de-agave-america-organica-botella-330-gr\/","title":{"rendered":"Jarabe Org\u00e1nico de Agave Am\u00e9rica Org\u00e1nica &#8211; Botella 330 gr"},"content":{"rendered":"","protected":false},"excerpt":{"rendered":"<p>Botella 330 gr<\/p>\n","protected":false},"featured_media":9168,"comment_status":"closed","ping_status":"open","template":"","meta":[],"product_cat":[243,267],"product_tag":[],"_links":{"self":[{"href":"https:\/\/fuerzaecommerce.com\/app-delivery-demo\/wp-json\/wp\/v2\/product\/13036"}],"collection":[{"href":"https:\/\/fuerzaecommerce.com\/app-delivery-demo\/wp-json\/wp\/v2\/product"}],"about":[{"href":"https:\/\/fuerzaecommerce.com\/app-delivery-demo\/wp-json\/wp\/v2\/types\/product"}],"replies":[{"embeddable":true,"href":"https:\/\/fuerzaecommerce.com\/app-delivery-demo\/wp-json\/wp\/v2\/comments?post=13036"}],"wp:featuredmedia":[{"embeddable":true,"href":"https:\/\/fuerzaecommerce.com\/app-delivery-demo\/wp-json\/wp\/v2\/media\/9168"}],"wp:attachment":[{"href":"https:\/\/fuerzaecommerce.com\/app-delivery-demo\/wp-json\/wp\/v2\/media?parent=13036"}],"wp:term":[{"taxonomy":"product_cat","embeddable":true,"href":"https:\/\/fuerzaecommerce.com\/app-delivery-demo\/wp-json\/wp\/v2\/product_cat?post=13036"},{"taxonomy":"product_tag","embeddable":true,"href":"https:\/\/fuerzaecommerce.com\/app-delivery-demo\/wp-json\/wp\/v2\/product_tag?post=13036"}],"curies":[{"name":"wp","href":"https:\/\/api.w.org\/{rel}","templated":true}]}}